{"id":59,"date":"2022-05-10T22:59:25","date_gmt":"2022-05-11T01:59:25","guid":{"rendered":"https:\/\/medicaloffice.com.br\/blog\/?page_id=59"},"modified":"2022-06-04T16:54:34","modified_gmt":"2022-06-04T19:54:34","slug":"planilha-fluxo-de-caixa-para-clinicas","status":"publish","type":"page","link":"https:\/\/medicaloffice.com.br\/blog\/index.php\/planilha-fluxo-de-caixa-para-clinicas\/","title":{"rendered":"[Planilha] Fluxo de Caixa para Cl\u00ed\u00adnicas"},"content":{"rendered":"\t\t<div data-elementor-type=\"wp-page\" data-elementor-id=\"59\" class=\"elementor elementor-59\">\n\t\t\t\t\t\t\t\t\t<section class=\"elementor-section elementor-top-section elementor-element elementor-element-f38d7b1 elementor-section-boxed elementor-section-height-default elementor-section-height-default\" data-id=\"f38d7b1\" data-element_type=\"section\" data-settings=\"{&quot;background_background&quot;:&quot;classic&quot;}\">\n\t\t\t\t\t\t<div class=\"elementor-container elementor-column-gap-default\">\n\t\t\t\t\t<div class=\"elementor-column elementor-col-100 elementor-top-column elementor-element elementor-element-ba87755\" data-id=\"ba87755\" data-element_type=\"column\">\n\t\t\t<div class=\"elementor-widget-wrap elementor-element-populated\">\n\t\t\t\t\t\t\t\t<div class=\"elementor-element elementor-element-92f77a0 elementor-widget elementor-widget-image\" data-id=\"92f77a0\" data-element_type=\"widget\" data-widget_type=\"image.default\">\n\t\t\t\t<div class=\"elementor-widget-container\">\n\t\t\t<style>\/*! elementor - v3.6.5 - 27-04-2022 *\/\n.elementor-widget-image{text-align:center}.elementor-widget-image a{display:inline-block}.elementor-widget-image a img[src$=\".svg\"]{width:48px}.elementor-widget-image img{vertical-align:middle;display:inline-block}<\/style>\t\t\t\t\t\t\t\t\t\t\t\t\t<a href=\"https:\/\/medicaloffice.com.br\/blog\">\n\t\t\t\t\t\t\t<img src=\"https:\/\/medicaloffice.com.br\/blog\/wp-content\/uploads\/elementor\/thumbs\/medicaloffice3-pomycee7ijeqo8win03a9r6t49l736x1af65n5e2ks.png\" title=\"medicaloffice3\" alt=\"medicaloffice3\" \/>\t\t\t\t\t\t\t\t<\/a>\n\t\t\t\t\t\t\t\t\t\t\t\t\t\t\t<\/div>\n\t\t\t\t<\/div>\n\t\t\t\t<div class=\"elementor-element elementor-element-04d4983 elementor-widget__width-initial elementor-widget elementor-widget-text-editor\" data-id=\"04d4983\" data-element_type=\"widget\" data-widget_type=\"text-editor.default\">\n\t\t\t\t<div class=\"elementor-widget-container\">\n\t\t\t<style>\/*! elementor - v3.6.5 - 27-04-2022 *\/\n.elementor-widget-text-editor.elementor-drop-cap-view-stacked .elementor-drop-cap{background-color:#818a91;color:#fff}.elementor-widget-text-editor.elementor-drop-cap-view-framed .elementor-drop-cap{color:#818a91;border:3px solid;background-color:transparent}.elementor-widget-text-editor:not(.elementor-drop-cap-view-default) .elementor-drop-cap{margin-top:8px}.elementor-widget-text-editor:not(.elementor-drop-cap-view-default) .elementor-drop-cap-letter{width:1em;height:1em}.elementor-widget-text-editor .elementor-drop-cap{float:left;text-align:center;line-height:1;font-size:50px}.elementor-widget-text-editor .elementor-drop-cap-letter{display:inline-block}<\/style>\t\t\t\t<h4 style=\"color: #fff;\">[Planilha gr\u00e1tis] Tenha o financeiro da sua cl\u00ednica na palma da sua m\u00e3o<\/h4>\n<div>&nbsp;<\/div>\n<p>Realizar o controle financeiro de seu consult\u00f3rio nem sempre \u00e9 uma tarefa f\u00e1cil. Para te ajudar, elaboramos esta <b>planilha gratuita<\/b> para que voc\u00ea tenha mais controle e organiza\u00e7\u00e3o.<\/p>\n<p>Com ela, voc\u00ea ir\u00e1:<\/p>\n<ul>\n<li>Registrar as entradas e sa\u00eddas;<\/li>\n<li>Manter seu saldo sempre atualizado;<\/li>\n<li>Saber qual \u00e9 o fluxo necess\u00e1rio para as despesas;<\/li>\n<li>Conferir a receita x despesa;<\/li>\n<li>Visualizar as informa\u00e7\u00f5es de forma autom\u00e1tica;<\/li>\n<li>Reunir os dados dos fornecedores em um s\u00f3 lugar.<\/li>\n<\/ul>\n<div>&nbsp;<\/div>\n<p>Tudo isso de forma <strong>SIMPLES<\/strong> e <strong>PR\u00c1TICA<\/strong> para facilitar a sua rotina.<\/p>\n<p>Para acessar o material, basta preencher o formul\u00e1rio.<\/p>\t\t\t\t\t\t<\/div>\n\t\t\t\t<\/div>\n\t\t\t\t<div class=\"elementor-element elementor-element-068ab0c elementor-widget__width-initial elementor-widget elementor-widget-shortcode\" data-id=\"068ab0c\" data-element_type=\"widget\" data-widget_type=\"shortcode.default\">\n\t\t\t\t<div class=\"elementor-widget-container\">\n\t\t\t\t\t<div class=\"elementor-shortcode\"><div class=\"forminator-ui forminator-custom-form forminator-custom-form-77 forminator-design--default  \" data-forminator-render=\"0\" data-form=\"forminator-module-77\"><br\/><\/div><form\n\t\t\t\tid=\"forminator-module-77\"\n\t\t\t\tclass=\"forminator-ui forminator-custom-form forminator-custom-form-77 forminator-design--default  \"\n\t\t\t\tmethod=\"post\"\n\t\t\t\tdata-forminator-render=\"0\"\n\t\t\t\tdata-form-id=\"77\"\n\t\t\t\t\n\t\t\t\tdata-design=\"default\"\n\t\t\t\t\n\t\t\t\t\n\t\t\t\t\n\t\t\t\tdata-grid=\"open\"\n\t\t\t\t\n\t\t\t\t\n\t\t\t\tstyle=\"display: none;\"\n\t\t\t><div class=\"forminator-response-message forminator-error\" aria-hidden=\"true\"><\/div><div class=\"forminator-row\"><div id=\"section-1\" class=\"forminator-col forminator-col-12 \"><div class=\"forminator-field\"><h2 class=\"forminator-title\">Baixe a planilha agora!<\/h2><h3 class=\"forminator-subtitle\">Voc\u00ea s\u00f3 precisa preencher os campos abaixo para fazer o download:<\/h3><\/div><\/div><\/div><div class=\"forminator-row\"><div id=\"name-1\" class=\"forminator-col forminator-col-12 \"><div class=\"forminator-field\"><label for=\"forminator-field-name-1\" class=\"forminator-label\">Nome <span class=\"forminator-required\">*<\/span><\/label><input type=\"text\" name=\"name-1\" value=\"\" placeholder=\"E.g. John Doe\" id=\"forminator-field-name-1\" class=\"forminator-input forminator-name--field\" aria-required=\"true\" \/><\/div><\/div><\/div><div class=\"forminator-row\"><div id=\"email-1\" class=\"forminator-col forminator-col-12 \"><div class=\"forminator-field\"><label for=\"forminator-field-email-1\" class=\"forminator-label\">E-mail <span class=\"forminator-required\">*<\/span><\/label><input type=\"email\" name=\"email-1\" value=\"\" placeholder=\"E.g. john@doe.com\" id=\"forminator-field-email-1\" class=\"forminator-input forminator-email--field\" data-required=\"1\" aria-required=\"true\" \/><\/div><\/div><\/div><div class=\"forminator-row\"><div id=\"phone-1\" class=\"forminator-col forminator-col-12 \"><div class=\"forminator-field\"><label for=\"forminator-field-phone-1\" class=\"forminator-label\">Telefone <span class=\"forminator-required\">*<\/span><\/label><input type=\"text\" name=\"phone-1\" value=\"\" placeholder=\"+55 11 XXXXX-XXXX\" id=\"forminator-field-phone-1\" class=\"forminator-input forminator-field--phone\" data-required=\"1\" aria-required=\"true\" autocomplete=\"off\" data-national_mode=\"enabled\" data-country=\"BR\" data-validation=\"standard\" \/><\/div><\/div><\/div><div class=\"forminator-row\"><div id=\"checkbox-1\" class=\"forminator-col forminator-col-12 \"><div role=\"group\" class=\"forminator-field\" aria-labelledby=\"forminator-checkbox-group-69e8fe5080fda-label\"><label for=\"forminator-field-checkbox-1-1-69e8fe5080fda\" class=\"forminator-checkbox\" title=\"Permito que a Medical Office armazene as informa\u00e7\u00f5es fornecidas por mim.\"><input type=\"checkbox\" name=\"checkbox-1[]\" value=\"Permito-que-a-Medical-Office-armazene-as-informa\u00e7\u00f5es-fornecidas-por-mim.\" id=\"forminator-field-checkbox-1-1-69e8fe5080fda\" data-calculation=\"0\"  \/><span class=\"forminator-checkbox-box\" aria-hidden=\"true\"><\/span><span class=\"forminator-checkbox-label\">Permito que a Medical Office armazene as informa\u00e7\u00f5es fornecidas por mim.<\/span><\/label><\/div><\/div><\/div><div class=\"forminator-row\"><div id=\"textarea-1\" class=\"forminator-col forminator-col-12 \"><div class=\"forminator-field\"><label for=\"forminator-field-textarea-1\" class=\"forminator-label\">Text<\/label><textarea name=\"textarea-1\" placeholder=\"E.g. text placeholder You can add new line\" id=\"forminator-field-textarea-1\" class=\"forminator-textarea\" rows=\"6\" style=\"min-height:140px;\" ><\/textarea><\/div><\/div><\/div><input type=\"hidden\" name=\"referer_url\" value=\"\" \/><div class=\"forminator-row forminator-row-last\"><div class=\"forminator-col\"><div class=\"forminator-field\"><button class=\"forminator-button forminator-button-submit\">Enviar e Receber<\/button><\/div><\/div><\/div><input type=\"hidden\" id=\"forminator_nonce\" name=\"forminator_nonce\" value=\"1c160c7f1d\" \/><input type=\"hidden\" name=\"_wp_http_referer\" value=\"\/blog\/index.php\/wp-json\/wp\/v2\/pages\/59\" \/><input type=\"hidden\" name=\"form_id\" value=\"77\"><input type=\"hidden\" name=\"page_id\" value=\"59\"><input type=\"hidden\" name=\"form_type\" value=\"\"><input type=\"hidden\" name=\"current_url\" value=\"https:\/\/medicaloffice.com.br\/blog\/wp-json\/wp\/v2\/pages\/59\/\"><input type=\"hidden\" name=\"render_id\" value=\"0\"><input type=\"hidden\" name=\"action\" value=\"forminator_submit_form_custom-forms\"><\/form><\/div>\n\t\t\t\t<\/div>\n\t\t\t\t<\/div>\n\t\t\t\t\t<\/div>\n\t\t<\/div>\n\t\t\t\t\t\t\t<\/div>\n\t\t<\/section>\n\t\t\t\t\t\t\t<\/div>\n\t\t","protected":false},"excerpt":{"rendered":"<p>[Planilha gr\u00c3\u00a1tis] Tenha o financeiro da sua cl\u00c3\u00adnica na palma da sua m\u00c3\u00a3o &nbsp; Realizar [&hellip;]<\/p>\n","protected":false},"author":1,"featured_media":0,"parent":0,"menu_order":0,"comment_status":"closed","ping_status":"closed","template":"landing-page.php","meta":[],"yoast_head":"<!-- This site is optimized with the Yoast SEO plugin v18.8 - https:\/\/yoast.com\/wordpress\/plugins\/seo\/ -->\n<title>[Planilha] Fluxo de Caixa para Cl\u00ed\u00adnicas - Blog Medical Office<\/title>\n<meta name=\"robots\" content=\"index, follow, max-snippet:-1, max-image-preview:large, max-video-preview:-1\" \/>\n<link rel=\"canonical\" href=\"https:\/\/medicaloffice.com.br\/blog\/index.php\/planilha-fluxo-de-caixa-para-clinicas\/\" \/>\n<meta property=\"og:locale\" content=\"pt_BR\" \/>\n<meta property=\"og:type\" content=\"article\" \/>\n<meta property=\"og:title\" content=\"[Planilha] Fluxo de Caixa para Cl\u00ed\u00adnicas - Blog Medical Office\" \/>\n<meta property=\"og:description\" content=\"[Planilha gr\u00c3\u00a1tis] Tenha o financeiro da sua cl\u00c3\u00adnica na palma da sua m\u00c3\u00a3o &nbsp; Realizar [&hellip;]\" \/>\n<meta property=\"og:url\" content=\"https:\/\/medicaloffice.com.br\/blog\/index.php\/planilha-fluxo-de-caixa-para-clinicas\/\" \/>\n<meta property=\"og:site_name\" content=\"Blog Medical Office\" \/>\n<meta property=\"article:modified_time\" content=\"2022-06-04T19:54:34+00:00\" \/>\n<meta property=\"og:image\" content=\"https:\/\/medicaloffice.com.br\/blog\/wp-content\/uploads\/elementor\/thumbs\/medicaloffice3-pomycee7ijeqo8win03a9r6t49l736x1af65n5e2l2.png\" \/>\n<meta name=\"twitter:card\" content=\"summary_large_image\" \/>\n<meta name=\"twitter:label1\" content=\"Est. reading time\" \/>\n\t<meta name=\"twitter:data1\" content=\"1 minuto\" \/>\n<script type=\"application\/ld+json\" class=\"yoast-schema-graph\">{\"@context\":\"https:\/\/schema.org\",\"@graph\":[{\"@type\":\"WebSite\",\"@id\":\"https:\/\/medicaloffice.com.br\/blog\/#website\",\"url\":\"https:\/\/medicaloffice.com.br\/blog\/\",\"name\":\"Blog Medical Office\",\"description\":\"Conte\u00fado de valor para seu consult\u00f3rio\",\"potentialAction\":[{\"@type\":\"SearchAction\",\"target\":{\"@type\":\"EntryPoint\",\"urlTemplate\":\"https:\/\/medicaloffice.com.br\/blog\/?s={search_term_string}\"},\"query-input\":\"required name=search_term_string\"}],\"inLanguage\":\"pt-BR\"},{\"@type\":\"ImageObject\",\"inLanguage\":\"pt-BR\",\"@id\":\"https:\/\/medicaloffice.com.br\/blog\/index.php\/planilha-fluxo-de-caixa-para-clinicas\/#primaryimage\",\"url\":\"https:\/\/medicaloffice.com.br\/blog\/wp-content\/uploads\/elementor\/thumbs\/medicaloffice3-pomycee7ijeqo8win03a9r6t49l736x1af65n5e2l2.png\",\"contentUrl\":\"https:\/\/medicaloffice.com.br\/blog\/wp-content\/uploads\/elementor\/thumbs\/medicaloffice3-pomycee7ijeqo8win03a9r6t49l736x1af65n5e2l2.png\"},{\"@type\":\"WebPage\",\"@id\":\"https:\/\/medicaloffice.com.br\/blog\/index.php\/planilha-fluxo-de-caixa-para-clinicas\/#webpage\",\"url\":\"https:\/\/medicaloffice.com.br\/blog\/index.php\/planilha-fluxo-de-caixa-para-clinicas\/\",\"name\":\"[Planilha] Fluxo de Caixa para Cl\u00ed\u00adnicas - Blog Medical Office\",\"isPartOf\":{\"@id\":\"https:\/\/medicaloffice.com.br\/blog\/#website\"},\"primaryImageOfPage\":{\"@id\":\"https:\/\/medicaloffice.com.br\/blog\/index.php\/planilha-fluxo-de-caixa-para-clinicas\/#primaryimage\"},\"datePublished\":\"2022-05-11T01:59:25+00:00\",\"dateModified\":\"2022-06-04T19:54:34+00:00\",\"breadcrumb\":{\"@id\":\"https:\/\/medicaloffice.com.br\/blog\/index.php\/planilha-fluxo-de-caixa-para-clinicas\/#breadcrumb\"},\"inLanguage\":\"pt-BR\",\"potentialAction\":[{\"@type\":\"ReadAction\",\"target\":[\"https:\/\/medicaloffice.com.br\/blog\/index.php\/planilha-fluxo-de-caixa-para-clinicas\/\"]}]},{\"@type\":\"BreadcrumbList\",\"@id\":\"https:\/\/medicaloffice.com.br\/blog\/index.php\/planilha-fluxo-de-caixa-para-clinicas\/#breadcrumb\",\"itemListElement\":[{\"@type\":\"ListItem\",\"position\":1,\"name\":\"Home\",\"item\":\"https:\/\/medicaloffice.com.br\/blog\/\"},{\"@type\":\"ListItem\",\"position\":2,\"name\":\"[Planilha] Fluxo de Caixa para Cl\u00ed\u00adnicas\"}]}]}<\/script>\n<!-- \/ Yoast SEO plugin. -->","yoast_head_json":{"title":"[Planilha] Fluxo de Caixa para Cl\u00ed\u00adnicas - Blog Medical Office","robots":{"index":"index","follow":"follow","max-snippet":"max-snippet:-1","max-image-preview":"max-image-preview:large","max-video-preview":"max-video-preview:-1"},"canonical":"https:\/\/medicaloffice.com.br\/blog\/index.php\/planilha-fluxo-de-caixa-para-clinicas\/","og_locale":"pt_BR","og_type":"article","og_title":"[Planilha] Fluxo de Caixa para Cl\u00ed\u00adnicas - Blog Medical Office","og_description":"[Planilha gr\u00c3\u00a1tis] Tenha o financeiro da sua cl\u00c3\u00adnica na palma da sua m\u00c3\u00a3o &nbsp; Realizar [&hellip;]","og_url":"https:\/\/medicaloffice.com.br\/blog\/index.php\/planilha-fluxo-de-caixa-para-clinicas\/","og_site_name":"Blog Medical Office","article_modified_time":"2022-06-04T19:54:34+00:00","og_image":[{"url":"https:\/\/medicaloffice.com.br\/blog\/wp-content\/uploads\/elementor\/thumbs\/medicaloffice3-pomycee7ijeqo8win03a9r6t49l736x1af65n5e2l2.png"}],"twitter_card":"summary_large_image","twitter_misc":{"Est. reading time":"1 minuto"},"schema":{"@context":"https:\/\/schema.org","@graph":[{"@type":"WebSite","@id":"https:\/\/medicaloffice.com.br\/blog\/#website","url":"https:\/\/medicaloffice.com.br\/blog\/","name":"Blog Medical Office","description":"Conte\u00fado de valor para seu consult\u00f3rio","potentialAction":[{"@type":"SearchAction","target":{"@type":"EntryPoint","urlTemplate":"https:\/\/medicaloffice.com.br\/blog\/?s={search_term_string}"},"query-input":"required name=search_term_string"}],"inLanguage":"pt-BR"},{"@type":"ImageObject","inLanguage":"pt-BR","@id":"https:\/\/medicaloffice.com.br\/blog\/index.php\/planilha-fluxo-de-caixa-para-clinicas\/#primaryimage","url":"https:\/\/medicaloffice.com.br\/blog\/wp-content\/uploads\/elementor\/thumbs\/medicaloffice3-pomycee7ijeqo8win03a9r6t49l736x1af65n5e2l2.png","contentUrl":"https:\/\/medicaloffice.com.br\/blog\/wp-content\/uploads\/elementor\/thumbs\/medicaloffice3-pomycee7ijeqo8win03a9r6t49l736x1af65n5e2l2.png"},{"@type":"WebPage","@id":"https:\/\/medicaloffice.com.br\/blog\/index.php\/planilha-fluxo-de-caixa-para-clinicas\/#webpage","url":"https:\/\/medicaloffice.com.br\/blog\/index.php\/planilha-fluxo-de-caixa-para-clinicas\/","name":"[Planilha] Fluxo de Caixa para Cl\u00ed\u00adnicas - Blog Medical Office","isPartOf":{"@id":"https:\/\/medicaloffice.com.br\/blog\/#website"},"primaryImageOfPage":{"@id":"https:\/\/medicaloffice.com.br\/blog\/index.php\/planilha-fluxo-de-caixa-para-clinicas\/#primaryimage"},"datePublished":"2022-05-11T01:59:25+00:00","dateModified":"2022-06-04T19:54:34+00:00","breadcrumb":{"@id":"https:\/\/medicaloffice.com.br\/blog\/index.php\/planilha-fluxo-de-caixa-para-clinicas\/#breadcrumb"},"inLanguage":"pt-BR","potentialAction":[{"@type":"ReadAction","target":["https:\/\/medicaloffice.com.br\/blog\/index.php\/planilha-fluxo-de-caixa-para-clinicas\/"]}]},{"@type":"BreadcrumbList","@id":"https:\/\/medicaloffice.com.br\/blog\/index.php\/planilha-fluxo-de-caixa-para-clinicas\/#breadcrumb","itemListElement":[{"@type":"ListItem","position":1,"name":"Home","item":"https:\/\/medicaloffice.com.br\/blog\/"},{"@type":"ListItem","position":2,"name":"[Planilha] Fluxo de Caixa para Cl\u00ed\u00adnicas"}]}]}},"guten_post_layout_featured_media_urls":{"full":false,"thumbnail":false,"medium":false,"medium_large":false,"large":false,"1536x1536":false,"2048x2048":false,"guten_post_layout_landscape_large":false,"guten_post_layout_portrait_large":false,"guten_post_layout_square_large":false,"guten_post_layout_landscape":false,"guten_post_layout_portrait":false,"guten_post_layout_square":false},"_links":{"self":[{"href":"https:\/\/medicaloffice.com.br\/blog\/index.php\/wp-json\/wp\/v2\/pages\/59"}],"collection":[{"href":"https:\/\/medicaloffice.com.br\/blog\/index.php\/wp-json\/wp\/v2\/pages"}],"about":[{"href":"https:\/\/medicaloffice.com.br\/blog\/index.php\/wp-json\/wp\/v2\/types\/page"}],"author":[{"embeddable":true,"href":"https:\/\/medicaloffice.com.br\/blog\/index.php\/wp-json\/wp\/v2\/users\/1"}],"replies":[{"embeddable":true,"href":"https:\/\/medicaloffice.com.br\/blog\/index.php\/wp-json\/wp\/v2\/comments?post=59"}],"version-history":[{"count":34,"href":"https:\/\/medicaloffice.com.br\/blog\/index.php\/wp-json\/wp\/v2\/pages\/59\/revisions"}],"predecessor-version":[{"id":178,"href":"https:\/\/medicaloffice.com.br\/blog\/index.php\/wp-json\/wp\/v2\/pages\/59\/revisions\/178"}],"wp:attachment":[{"href":"https:\/\/medicaloffice.com.br\/blog\/index.php\/wp-json\/wp\/v2\/media?parent=59"}],"curies":[{"name":"wp","href":"https:\/\/api.w.org\/{rel}","templated":true}]}}